{"id":410,"date":"2019-10-14T17:07:20","date_gmt":"2019-10-14T15:07:20","guid":{"rendered":"https:\/\/www.immotable.ch\/?page_id=410"},"modified":"2022-09-01T11:39:36","modified_gmt":"2022-09-01T09:39:36","slug":"immotable","status":"publish","type":"page","link":"https:\/\/www.immotable.ch\/fr\/immotable\/","title":{"rendered":"Sur nous"},"content":{"rendered":"\n<p>Depuis 1994, immo!nvest (immo!nvest), le magazine suisse de la promotion et de l&rsquo;immobilier, organise quatre \u00e0 six manifestations par an en collaboration avec organisations de promotion \u00e9conomiques locales.<br>A chaque ImmoTable, les avantages de la r\u00e9gion \u00e9conomique ou de la destination sont pr\u00e9sent\u00e9s, ainsi que des projets int\u00e9ressants dans la construction de b\u00e2timents priv\u00e9s et publics et l&rsquo;utilisation du sol. Les \u00e9v\u00e9nements ImmoTable r\u00e9unissent des invit\u00e9s VIP de premier ordre de la politique, de l&rsquo;\u00e9conomie, des investisseurs et des milieux financiers, des architectes et des personnalit\u00e9s du monde de l&rsquo;immobilier. Les \u00e9v\u00e9nements ImmoTable se sont fait un excellent nom au fil des ans et font maintenant partie int\u00e9grante de l&rsquo;agenda annuel des \u00e9v\u00e9nements majeurs. Un must absolu pour l&rsquo;\u00e9lite de l&rsquo;industrie de la construction et de l&rsquo;immobilier. Tout cela selon la devise : voir et \u00eatre vu et, bien s\u00fbr, de nombreuses possibilit\u00e9s de r\u00e9seautage r\u00e9ussi.<\/p>\n\n\n\n<h2 class=\"wp-block-heading\"><strong>Le positionnement<\/strong><\/h2>\n\n\n\n<p>Les manifestations ImmoTable sont devenues des \u00e9l\u00e9ments importants pour le succ\u00e8s de la commercialisation des r\u00e9gions et des sites \u00e9conomiques suisses, ainsi que pour les projets de construction de b\u00e2timents publics et priv\u00e9s. Des vitrines impressionnantes de projets et de visions de l&rsquo;immobilier constituent une plateforme de choix pour divers groupes d&rsquo;int\u00e9r\u00eat. C&rsquo;est une occasion unique de vous pr\u00e9senter \u00e0 un public de choix et de haute qualit\u00e9 et de vous recommander vous-m\u00eame et votre gamme de services. Apr\u00e8s tout, les \u00e9v\u00e9nements ImmoTable portent sur l&rsquo;avenir de projets importants et sur l&rsquo;utilisation de sites porteurs de d\u00e9veloppements potentiels. Seul le savoir de demain peut g\u00e9n\u00e9rer de nouvelles commandes aujourd&rsquo;hui.<\/p>\n\n\n\n<h2 class=\"wp-block-heading\">La plate-forme<\/h2>\n\n\n\n<p>La plate-forme ImmoTable est l&rsquo;\u00e9v\u00e9nement business-to-business de l&rsquo;industrie suisse de la construction et de l&rsquo;immobilier. Des invit\u00e9s choisis qui ont leur mot \u00e0 dire et qui influencent l&rsquo;industrie se d\u00e9placent sur cette plateforme. Des d\u00e9veloppeurs de projets et des conf\u00e9renciers donnent leur point de vue sur des projets de construction de b\u00e2timents priv\u00e9s et publics ou r\u00e9fl\u00e9chissent \u00e0 des sujets d&rsquo;actualit\u00e9.<\/p>\n\n\n\n<h2 class=\"wp-block-heading\">Devenir partenaire<\/h2>\n\n\n\n<p>L&rsquo;ImmoTable a toujours lieu le jeudi ou le mardi apr\u00e8s-midi dans des emplacements attractifs s\u00e9lectionn\u00e9s et situ\u00e9s dans les zones \u00e9conomiques respectives. En plus des discours passionnants de personnalit\u00e9s tr\u00e8s int\u00e9ressantes, tous les participants ont tout le temps d&rsquo;\u00e9changer des id\u00e9es et de faire du r\u00e9seautage pendant la pause et \u00e0 l&rsquo;ap\u00e9ritif riche.<br><strong>Les possibilit\u00e9s de partenariat suivantes sont possibles :<\/strong><\/p>\n\n\n\n<p><strong>Partenaire Argent, Commanditaire<\/strong><br><strong>Partenaire Or, Coparrainant<\/strong><br><strong>Partenaire Premium, Sponsor principal<\/strong><\/p>\n\n\n\n<h2 class=\"wp-block-heading\">Donn\u00e9es sur les m\u00e9dias<\/h2>\n\n\n\n<p>Vous trouverez des informations d\u00e9taill\u00e9es sur le lectorat, les tarifs et les formats dans nos <a href=\"https:\/\/www.immo-invest.ch\/fr\/donnees-sur-les-medias\/\" target=\"_blank\" rel=\"noreferrer noopener\">donn\u00e9es m\u00e9dias<\/a>.<\/p>\n","protected":false},"excerpt":{"rendered":"Depuis 1994, immo!nvest (immo!nvest), le magazine suisse de la promotion et de l&rsquo;immobilier, organise quatre \u00e0 six manifestations par an en collaboration avec organisations de promotion \u00e9conomiques locales.A chaque ImmoTable, les avantages de la r\u00e9gion \u00e9conomique ou de la destination sont pr\u00e9sent\u00e9s, ainsi que des projets int\u00e9ressants dans la construction de b\u00e2timents priv\u00e9s et publics&#8230; <a class=\"view-article\" href=\"https:\/\/www.immotable.ch\/fr\/immotable\/\">Voir l&rsquo;article<\/a>","protected":false},"author":1,"featured_media":0,"parent":0,"menu_order":48,"comment_status":"closed","ping_status":"closed","template":"","meta":{"inline_featured_image":false,"_monsterinsights_skip_tracking":false,"_monsterinsights_sitenote_active":false,"_monsterinsights_sitenote_note":"","_monsterinsights_sitenote_category":0,"footnotes":""},"class_list":["post-410","page","type-page","status-publish","hentry"],"acf":[],"aioseo_notices":[],"_links":{"self":[{"href":"https:\/\/www.immotable.ch\/fr\/wp-json\/wp\/v2\/pages\/410","targetHints":{"allow":["GET"]}}],"collection":[{"href":"https:\/\/www.immotable.ch\/fr\/wp-json\/wp\/v2\/pages"}],"about":[{"href":"https:\/\/www.immotable.ch\/fr\/wp-json\/wp\/v2\/types\/page"}],"author":[{"embeddable":true,"href":"https:\/\/www.immotable.ch\/fr\/wp-json\/wp\/v2\/users\/1"}],"replies":[{"embeddable":true,"href":"https:\/\/www.immotable.ch\/fr\/wp-json\/wp\/v2\/comments?post=410"}],"version-history":[{"count":12,"href":"https:\/\/www.immotable.ch\/fr\/wp-json\/wp\/v2\/pages\/410\/revisions"}],"predecessor-version":[{"id":5065,"href":"https:\/\/www.immotable.ch\/fr\/wp-json\/wp\/v2\/pages\/410\/revisions\/5065"}],"wp:attachment":[{"href":"https:\/\/www.immotable.ch\/fr\/wp-json\/wp\/v2\/media?parent=410"}],"curies":[{"name":"wp","href":"https:\/\/api.w.org\/{rel}","templated":true}]}}